{"id":2695,"date":"2025-06-19T22:02:04","date_gmt":"2025-06-20T04:02:04","guid":{"rendered":"https:\/\/littlebellies.com\/ca\/?post_type=product&#038;p=2695"},"modified":"2025-07-06T23:28:31","modified_gmt":"2025-07-07T05:28:31","slug":"barres-a-la-banane-fruitees-biologiques","status":"publish","type":"product","link":"https:\/\/littlebellies.com\/ca\/fr\/product\/barres-a-la-banane-fruitees-biologiques\/","title":{"rendered":"Barres \u00e0 la Banane Fruit\u00e9es Biologiques"},"content":{"rendered":"<p>Barres tendres biologiques \u00e0 la banane, aux dattes et flocons d&#8217;avoine. De nouvelles aventures stimulantes avec les textures et saveurs pour les p&#8217;tits bouts de choux toujours en mouvement !<\/p>\n<p>Notre gamme LES TOUT-PETITS TROTTINENT propose des collations et des repas aux textures, formes et couleurs plus \u00e9labor\u00e9es, pour encourager une transition positive dans le monde des tout-petits.<\/p>\n","protected":false},"excerpt":{"rendered":"<p>Barres tendres biologiques \u00e0 la banane, aux dattes et flocons d&#8217;avoine. De nouvelles aventures stimulantes avec les textures et saveurs pour les p&#8217;tits bouts de choux toujours en mouvement ! Notre gamme LES TOUT-PETITS TROTTINENT propose des collations et des repas aux textures, formes et couleurs plus \u00e9labor\u00e9es, pour encourager une transition positive dans le [&hellip;]<\/p>\n","protected":false},"featured_media":2715,"template":"","meta":{"_acf_changed":false,"inline_featured_image":false},"product_brand":[],"product_cat":[183],"product_tag":[],"lb_age":[222],"lb_type":[378],"lb_flavour":[230],"lb_stage":[232],"class_list":{"0":"post-2695","1":"product","2":"type-product","3":"status-publish","4":"has-post-thumbnail","6":"product_cat-uncategorized-fr","7":"lb_age-12-mois-et-plus","8":"lb_type-barres","9":"lb_flavour-banane","10":"lb_stage-tout-petits","12":"first","13":"instock","14":"product-type-simple"},"acf":[],"aioseo_notices":[],"lang":"fr","translations":{"fr":2695,"en":2694},"pll_sync_post":[],"_links":{"self":[{"href":"https:\/\/littlebellies.com\/ca\/wp-json\/wp\/v2\/product\/2695","targetHints":{"allow":["GET"]}}],"collection":[{"href":"https:\/\/littlebellies.com\/ca\/wp-json\/wp\/v2\/product"}],"about":[{"href":"https:\/\/littlebellies.com\/ca\/wp-json\/wp\/v2\/types\/product"}],"wp:featuredmedia":[{"embeddable":true,"href":"https:\/\/littlebellies.com\/ca\/wp-json\/wp\/v2\/media\/2715"}],"wp:attachment":[{"href":"https:\/\/littlebellies.com\/ca\/wp-json\/wp\/v2\/media?parent=2695"}],"wp:term":[{"taxonomy":"product_brand","embeddable":true,"href":"https:\/\/littlebellies.com\/ca\/wp-json\/wp\/v2\/product_brand?post=2695"},{"taxonomy":"product_cat","embeddable":true,"href":"https:\/\/littlebellies.com\/ca\/wp-json\/wp\/v2\/product_cat?post=2695"},{"taxonomy":"product_tag","embeddable":true,"href":"https:\/\/littlebellies.com\/ca\/wp-json\/wp\/v2\/product_tag?post=2695"},{"taxonomy":"lb_age","embeddable":true,"href":"https:\/\/littlebellies.com\/ca\/wp-json\/wp\/v2\/lb_age?post=2695"},{"taxonomy":"lb_type","embeddable":true,"href":"https:\/\/littlebellies.com\/ca\/wp-json\/wp\/v2\/lb_type?post=2695"},{"taxonomy":"lb_flavour","embeddable":true,"href":"https:\/\/littlebellies.com\/ca\/wp-json\/wp\/v2\/lb_flavour?post=2695"},{"taxonomy":"lb_stage","embeddable":true,"href":"https:\/\/littlebellies.com\/ca\/wp-json\/wp\/v2\/lb_stage?post=2695"}],"curies":[{"name":"wp","href":"https:\/\/api.w.org\/{rel}","templated":true}]}}