{"id":2693,"date":"2025-06-19T20:27:28","date_gmt":"2025-06-20T02:27:28","guid":{"rendered":"https:\/\/littlebellies.com\/ca\/?post_type=product&#038;p=2693"},"modified":"2025-07-06T23:30:45","modified_gmt":"2025-07-07T05:30:45","slug":"mais-moelleux-sucre-sale-biologique","status":"publish","type":"product","link":"https:\/\/littlebellies.com\/ca\/fr\/product\/mais-moelleux-sucre-sale-biologique\/","title":{"rendered":"Ma\u00efs Moelleux Sucr\u00e9-Sal\u00e9 Biologique"},"content":{"rendered":"<p>De d\u00e9licieuses collations de ma\u00efs souffl\u00e9, sucr\u00e9es et sal\u00e9es, pour une exposition progressive et parfaite des saveurs pour vos enfants en pleine croissance.<\/p>\n<p>Nos collations LES TOUT-PETITS TROTTINENT pour tout-petits de 12 mois et plus introduisent des textures, des formes et des saveurs plus aventureuses pour soutenir et encourager une transition positive vers le monde des tout-petits.<\/p>\n","protected":false},"excerpt":{"rendered":"<p>De d\u00e9licieuses collations de ma\u00efs souffl\u00e9, sucr\u00e9es et sal\u00e9es, pour une exposition progressive et parfaite des saveurs pour vos enfants en pleine croissance. Nos collations LES TOUT-PETITS TROTTINENT pour tout-petits de 12 mois et plus introduisent des textures, des formes et des saveurs plus aventureuses pour soutenir et encourager une transition positive vers le monde [&hellip;]<\/p>\n","protected":false},"featured_media":2701,"template":"","meta":{"_acf_changed":false,"inline_featured_image":false},"product_brand":[],"product_cat":[183],"product_tag":[],"lb_age":[222],"lb_type":[380],"lb_flavour":[],"lb_stage":[],"class_list":{"0":"post-2693","1":"product","2":"type-product","3":"status-publish","4":"has-post-thumbnail","6":"product_cat-uncategorized-fr","7":"lb_age-12-mois-et-plus","8":"lb_type-souffles","10":"first","11":"instock","12":"product-type-simple"},"acf":[],"aioseo_notices":[],"lang":"fr","translations":{"fr":2693,"en":2692},"pll_sync_post":[],"_links":{"self":[{"href":"https:\/\/littlebellies.com\/ca\/wp-json\/wp\/v2\/product\/2693","targetHints":{"allow":["GET"]}}],"collection":[{"href":"https:\/\/littlebellies.com\/ca\/wp-json\/wp\/v2\/product"}],"about":[{"href":"https:\/\/littlebellies.com\/ca\/wp-json\/wp\/v2\/types\/product"}],"wp:featuredmedia":[{"embeddable":true,"href":"https:\/\/littlebellies.com\/ca\/wp-json\/wp\/v2\/media\/2701"}],"wp:attachment":[{"href":"https:\/\/littlebellies.com\/ca\/wp-json\/wp\/v2\/media?parent=2693"}],"wp:term":[{"taxonomy":"product_brand","embeddable":true,"href":"https:\/\/littlebellies.com\/ca\/wp-json\/wp\/v2\/product_brand?post=2693"},{"taxonomy":"product_cat","embeddable":true,"href":"https:\/\/littlebellies.com\/ca\/wp-json\/wp\/v2\/product_cat?post=2693"},{"taxonomy":"product_tag","embeddable":true,"href":"https:\/\/littlebellies.com\/ca\/wp-json\/wp\/v2\/product_tag?post=2693"},{"taxonomy":"lb_age","embeddable":true,"href":"https:\/\/littlebellies.com\/ca\/wp-json\/wp\/v2\/lb_age?post=2693"},{"taxonomy":"lb_type","embeddable":true,"href":"https:\/\/littlebellies.com\/ca\/wp-json\/wp\/v2\/lb_type?post=2693"},{"taxonomy":"lb_flavour","embeddable":true,"href":"https:\/\/littlebellies.com\/ca\/wp-json\/wp\/v2\/lb_flavour?post=2693"},{"taxonomy":"lb_stage","embeddable":true,"href":"https:\/\/littlebellies.com\/ca\/wp-json\/wp\/v2\/lb_stage?post=2693"}],"curies":[{"name":"wp","href":"https:\/\/api.w.org\/{rel}","templated":true}]}}