{"id":2691,"date":"2025-06-19T20:20:12","date_gmt":"2025-06-20T02:20:12","guid":{"rendered":"https:\/\/littlebellies.com\/ca\/?post_type=product&#038;p=2691"},"modified":"2025-07-06T23:31:45","modified_gmt":"2025-07-07T05:31:45","slug":"mais-moelleux-cannelle-douce-biologique","status":"publish","type":"product","link":"https:\/\/littlebellies.com\/ca\/fr\/product\/mais-moelleux-cannelle-douce-biologique\/","title":{"rendered":"Ma\u00efs Moelleux Cannelle Douce Biologique"},"content":{"rendered":"<p>De d\u00e9licieuses collations de ma\u00efs souffl\u00e9 \u00e0 la cannelle. Une exp\u00e9rience gustative et progressive pour vos p\u2019tits bouts de choux en pleine croissance.<\/p>\n<p>Nos collations LES TOUT-PETITS TROTTINENT pour tout-petits de 12 mois et plus introduisent des textures, des formes et des saveurs plus aventureuses pour soutenir et encourager une transition positive vers le monde des tout-petits.<\/p>\n","protected":false},"excerpt":{"rendered":"<p>De d\u00e9licieuses collations de ma\u00efs souffl\u00e9 \u00e0 la cannelle. Une exp\u00e9rience gustative et progressive pour vos p\u2019tits bouts de choux en pleine croissance. Nos collations LES TOUT-PETITS TROTTINENT pour tout-petits de 12 mois et plus introduisent des textures, des formes et des saveurs plus aventureuses pour soutenir et encourager une transition positive vers le monde [&hellip;]<\/p>\n","protected":false},"featured_media":2703,"template":"","meta":{"_acf_changed":false,"inline_featured_image":false},"product_brand":[],"product_cat":[183],"product_tag":[],"lb_age":[222],"lb_type":[380],"lb_flavour":[],"lb_stage":[],"class_list":{"0":"post-2691","1":"product","2":"type-product","3":"status-publish","4":"has-post-thumbnail","6":"product_cat-uncategorized-fr","7":"lb_age-12-mois-et-plus","8":"lb_type-souffles","10":"first","11":"instock","12":"product-type-simple"},"acf":[],"aioseo_notices":[],"lang":"fr","translations":{"fr":2691,"en":2690},"pll_sync_post":[],"_links":{"self":[{"href":"https:\/\/littlebellies.com\/ca\/wp-json\/wp\/v2\/product\/2691","targetHints":{"allow":["GET"]}}],"collection":[{"href":"https:\/\/littlebellies.com\/ca\/wp-json\/wp\/v2\/product"}],"about":[{"href":"https:\/\/littlebellies.com\/ca\/wp-json\/wp\/v2\/types\/product"}],"wp:featuredmedia":[{"embeddable":true,"href":"https:\/\/littlebellies.com\/ca\/wp-json\/wp\/v2\/media\/2703"}],"wp:attachment":[{"href":"https:\/\/littlebellies.com\/ca\/wp-json\/wp\/v2\/media?parent=2691"}],"wp:term":[{"taxonomy":"product_brand","embeddable":true,"href":"https:\/\/littlebellies.com\/ca\/wp-json\/wp\/v2\/product_brand?post=2691"},{"taxonomy":"product_cat","embeddable":true,"href":"https:\/\/littlebellies.com\/ca\/wp-json\/wp\/v2\/product_cat?post=2691"},{"taxonomy":"product_tag","embeddable":true,"href":"https:\/\/littlebellies.com\/ca\/wp-json\/wp\/v2\/product_tag?post=2691"},{"taxonomy":"lb_age","embeddable":true,"href":"https:\/\/littlebellies.com\/ca\/wp-json\/wp\/v2\/lb_age?post=2691"},{"taxonomy":"lb_type","embeddable":true,"href":"https:\/\/littlebellies.com\/ca\/wp-json\/wp\/v2\/lb_type?post=2691"},{"taxonomy":"lb_flavour","embeddable":true,"href":"https:\/\/littlebellies.com\/ca\/wp-json\/wp\/v2\/lb_flavour?post=2691"},{"taxonomy":"lb_stage","embeddable":true,"href":"https:\/\/littlebellies.com\/ca\/wp-json\/wp\/v2\/lb_stage?post=2691"}],"curies":[{"name":"wp","href":"https:\/\/api.w.org\/{rel}","templated":true}]}}