{"id":2689,"date":"2025-06-19T20:10:46","date_gmt":"2025-06-20T02:10:46","guid":{"rendered":"https:\/\/littlebellies.com\/ca\/?post_type=product&#038;p=2689"},"modified":"2025-07-06T23:29:37","modified_gmt":"2025-07-07T05:29:37","slug":"pailles-aux-legumes-biologiques","status":"publish","type":"product","link":"https:\/\/littlebellies.com\/ca\/fr\/product\/pailles-aux-legumes-biologiques\/","title":{"rendered":"Pailles aux L\u00e9gumes Biologiques"},"content":{"rendered":"<p>Collations aux ma\u00efs et l\u00e9gumes biologiques cuites au four pour une texture plus croustillante. Initiez les p\u2019tits aventuriers aux explorations sensorielles avec de nouvelles formes et des couleurs amusantes.<\/p>\n<p>Nos collations LES TOUT-PETITS TROTTINENT pour tout-petits de 12 mois et plus introduisent des textures, des formes et des saveurs plus aventureuses pour soutenir et encourager une transition positive vers le monde des tout-petits.<\/p>\n","protected":false},"excerpt":{"rendered":"<p>Collations aux ma\u00efs et l\u00e9gumes biologiques cuites au four pour une texture plus croustillante. Initiez les p\u2019tits aventuriers aux explorations sensorielles avec de nouvelles formes et des couleurs amusantes. Nos collations LES TOUT-PETITS TROTTINENT pour tout-petits de 12 mois et plus introduisent des textures, des formes et des saveurs plus aventureuses pour soutenir et encourager [&hellip;]<\/p>\n","protected":false},"featured_media":2705,"template":"","meta":{"_acf_changed":false,"inline_featured_image":false},"product_brand":[],"product_cat":[183],"product_tag":[],"lb_age":[222],"lb_type":[380],"lb_flavour":[382,244],"lb_stage":[232],"class_list":{"0":"post-2689","1":"product","2":"type-product","3":"status-publish","4":"has-post-thumbnail","6":"product_cat-uncategorized-fr","7":"lb_age-12-mois-et-plus","8":"lb_type-souffles","9":"lb_flavour-carotte","10":"lb_flavour-tomate","11":"lb_stage-tout-petits","13":"first","14":"instock","15":"product-type-simple"},"acf":[],"aioseo_notices":[],"lang":"fr","translations":{"fr":2689,"en":2688},"pll_sync_post":[],"_links":{"self":[{"href":"https:\/\/littlebellies.com\/ca\/wp-json\/wp\/v2\/product\/2689","targetHints":{"allow":["GET"]}}],"collection":[{"href":"https:\/\/littlebellies.com\/ca\/wp-json\/wp\/v2\/product"}],"about":[{"href":"https:\/\/littlebellies.com\/ca\/wp-json\/wp\/v2\/types\/product"}],"wp:featuredmedia":[{"embeddable":true,"href":"https:\/\/littlebellies.com\/ca\/wp-json\/wp\/v2\/media\/2705"}],"wp:attachment":[{"href":"https:\/\/littlebellies.com\/ca\/wp-json\/wp\/v2\/media?parent=2689"}],"wp:term":[{"taxonomy":"product_brand","embeddable":true,"href":"https:\/\/littlebellies.com\/ca\/wp-json\/wp\/v2\/product_brand?post=2689"},{"taxonomy":"product_cat","embeddable":true,"href":"https:\/\/littlebellies.com\/ca\/wp-json\/wp\/v2\/product_cat?post=2689"},{"taxonomy":"product_tag","embeddable":true,"href":"https:\/\/littlebellies.com\/ca\/wp-json\/wp\/v2\/product_tag?post=2689"},{"taxonomy":"lb_age","embeddable":true,"href":"https:\/\/littlebellies.com\/ca\/wp-json\/wp\/v2\/lb_age?post=2689"},{"taxonomy":"lb_type","embeddable":true,"href":"https:\/\/littlebellies.com\/ca\/wp-json\/wp\/v2\/lb_type?post=2689"},{"taxonomy":"lb_flavour","embeddable":true,"href":"https:\/\/littlebellies.com\/ca\/wp-json\/wp\/v2\/lb_flavour?post=2689"},{"taxonomy":"lb_stage","embeddable":true,"href":"https:\/\/littlebellies.com\/ca\/wp-json\/wp\/v2\/lb_stage?post=2689"}],"curies":[{"name":"wp","href":"https:\/\/api.w.org\/{rel}","templated":true}]}}