{"id":2687,"date":"2025-06-19T20:04:32","date_gmt":"2025-06-20T02:04:32","guid":{"rendered":"https:\/\/littlebellies.com\/ca\/?post_type=product&#038;p=2687"},"modified":"2025-07-06T23:26:04","modified_gmt":"2025-07-07T05:26:04","slug":"ptites-pattes-carotte-et-cannelle-biologiques","status":"publish","type":"product","link":"https:\/\/littlebellies.com\/ca\/fr\/product\/ptites-pattes-carotte-et-cannelle-biologiques\/","title":{"rendered":"P\u2019tites pattes Carotte et Cannelle Biologiques"},"content":{"rendered":"<p>P\u2019tites pattes croustillantes \u00e0 la carotte, sorgho et une pinc\u00e9e de cannelle. Des collations de la deuxi\u00e8me \u00e9tape du d\u00e9veloppement avec de nouvelles formes et textures pour satisfaire les p\u2019tits oursons curieux.<\/p>\n<p data-start=\"665\" data-end=\"817\">Nos collations de ma\u00efs souffl\u00e9 TANT \u00c0 EXPLORER pour les b\u00e9b\u00e9s de 10 mois et plus feront d\u00e9couvrir \u00e0 votre enfant de nouveaux go\u00fbts et de nouvelles formes et textures pour favoriser son autonomie. Collations id\u00e9ales pour le deuxi\u00e8me stade de d\u00e9veloppement.<\/p>\n","protected":false},"excerpt":{"rendered":"<p>P\u2019tites pattes croustillantes \u00e0 la carotte, sorgho et une pinc\u00e9e de cannelle. Des collations de la deuxi\u00e8me \u00e9tape du d\u00e9veloppement avec de nouvelles formes et textures pour satisfaire les p\u2019tits oursons curieux. Nos collations de ma\u00efs souffl\u00e9 TANT \u00c0 EXPLORER pour les b\u00e9b\u00e9s de 10 mois et plus feront d\u00e9couvrir \u00e0 votre enfant de nouveaux [&hellip;]<\/p>\n","protected":false},"featured_media":2710,"template":"","meta":{"_acf_changed":false,"inline_featured_image":false},"product_brand":[],"product_cat":[183],"product_tag":[],"lb_age":[220],"lb_type":[],"lb_flavour":[382,384],"lb_stage":[],"class_list":{"0":"post-2687","1":"product","2":"type-product","3":"status-publish","4":"has-post-thumbnail","6":"product_cat-uncategorized-fr","7":"lb_age-10-mois-et-plus","8":"lb_flavour-carotte","9":"lb_flavour-cannelle","11":"first","12":"instock","13":"product-type-simple"},"acf":[],"aioseo_notices":[],"lang":"fr","translations":{"fr":2687,"en":2686},"pll_sync_post":[],"_links":{"self":[{"href":"https:\/\/littlebellies.com\/ca\/wp-json\/wp\/v2\/product\/2687","targetHints":{"allow":["GET"]}}],"collection":[{"href":"https:\/\/littlebellies.com\/ca\/wp-json\/wp\/v2\/product"}],"about":[{"href":"https:\/\/littlebellies.com\/ca\/wp-json\/wp\/v2\/types\/product"}],"wp:featuredmedia":[{"embeddable":true,"href":"https:\/\/littlebellies.com\/ca\/wp-json\/wp\/v2\/media\/2710"}],"wp:attachment":[{"href":"https:\/\/littlebellies.com\/ca\/wp-json\/wp\/v2\/media?parent=2687"}],"wp:term":[{"taxonomy":"product_brand","embeddable":true,"href":"https:\/\/littlebellies.com\/ca\/wp-json\/wp\/v2\/product_brand?post=2687"},{"taxonomy":"product_cat","embeddable":true,"href":"https:\/\/littlebellies.com\/ca\/wp-json\/wp\/v2\/product_cat?post=2687"},{"taxonomy":"product_tag","embeddable":true,"href":"https:\/\/littlebellies.com\/ca\/wp-json\/wp\/v2\/product_tag?post=2687"},{"taxonomy":"lb_age","embeddable":true,"href":"https:\/\/littlebellies.com\/ca\/wp-json\/wp\/v2\/lb_age?post=2687"},{"taxonomy":"lb_type","embeddable":true,"href":"https:\/\/littlebellies.com\/ca\/wp-json\/wp\/v2\/lb_type?post=2687"},{"taxonomy":"lb_flavour","embeddable":true,"href":"https:\/\/littlebellies.com\/ca\/wp-json\/wp\/v2\/lb_flavour?post=2687"},{"taxonomy":"lb_stage","embeddable":true,"href":"https:\/\/littlebellies.com\/ca\/wp-json\/wp\/v2\/lb_stage?post=2687"}],"curies":[{"name":"wp","href":"https:\/\/api.w.org\/{rel}","templated":true}]}}