{"id":2685,"date":"2025-06-19T19:45:10","date_gmt":"2025-06-20T01:45:10","guid":{"rendered":"https:\/\/littlebellies.com\/ca\/?post_type=product&#038;p=2685"},"modified":"2025-07-06T23:24:21","modified_gmt":"2025-07-07T05:24:21","slug":"ptites-pattes-poire-et-vanille-biologiques","status":"publish","type":"product","link":"https:\/\/littlebellies.com\/ca\/fr\/product\/ptites-pattes-poire-et-vanille-biologiques\/","title":{"rendered":"P\u2019tites Pattes Poire et Vanille Biologiques"},"content":{"rendered":"<p>P\u2019tites pattes croustillantes \u00e0 la poire, au sorgho et a la vanille. Des collations de la deuxi\u00e8me \u00e9tape du d\u00e9veloppement avec de nouvelles formes et textures pour satisfaire les p\u2019tits oursons curieux.<\/p>\n<p data-start=\"665\" data-end=\"817\">Nos collations de ma\u00efs souffl\u00e9 TANT \u00c0 EXPLORER pour les b\u00e9b\u00e9s de 10 mois et plus feront d\u00e9couvrir \u00e0 votre enfant de nouveaux go\u00fbts et de nouvelles formes et textures pour favoriser son autonomie. Collations id\u00e9ales pour le deuxi\u00e8me stade de d\u00e9veloppement.<\/p>\n","protected":false},"excerpt":{"rendered":"<p>P\u2019tites pattes croustillantes \u00e0 la poire, au sorgho et a la vanille. Des collations de la deuxi\u00e8me \u00e9tape du d\u00e9veloppement avec de nouvelles formes et textures pour satisfaire les p\u2019tits oursons curieux.<\/p>\n","protected":false},"featured_media":2709,"template":"","meta":{"_acf_changed":false,"inline_featured_image":false},"product_brand":[],"product_cat":[183],"product_tag":[],"lb_age":[220],"lb_type":[380],"lb_flavour":[387,389],"lb_stage":[228],"class_list":{"0":"post-2685","1":"product","2":"type-product","3":"status-publish","4":"has-post-thumbnail","6":"product_cat-uncategorized-fr","7":"lb_age-10-mois-et-plus","8":"lb_type-souffles","9":"lb_flavour-poire","10":"lb_flavour-vanille","11":"lb_stage-bebes","13":"first","14":"instock","15":"product-type-simple"},"acf":[],"aioseo_notices":[],"lang":"fr","translations":{"fr":2685,"en":2684},"pll_sync_post":[],"_links":{"self":[{"href":"https:\/\/littlebellies.com\/ca\/wp-json\/wp\/v2\/product\/2685","targetHints":{"allow":["GET"]}}],"collection":[{"href":"https:\/\/littlebellies.com\/ca\/wp-json\/wp\/v2\/product"}],"about":[{"href":"https:\/\/littlebellies.com\/ca\/wp-json\/wp\/v2\/types\/product"}],"wp:featuredmedia":[{"embeddable":true,"href":"https:\/\/littlebellies.com\/ca\/wp-json\/wp\/v2\/media\/2709"}],"wp:attachment":[{"href":"https:\/\/littlebellies.com\/ca\/wp-json\/wp\/v2\/media?parent=2685"}],"wp:term":[{"taxonomy":"product_brand","embeddable":true,"href":"https:\/\/littlebellies.com\/ca\/wp-json\/wp\/v2\/product_brand?post=2685"},{"taxonomy":"product_cat","embeddable":true,"href":"https:\/\/littlebellies.com\/ca\/wp-json\/wp\/v2\/product_cat?post=2685"},{"taxonomy":"product_tag","embeddable":true,"href":"https:\/\/littlebellies.com\/ca\/wp-json\/wp\/v2\/product_tag?post=2685"},{"taxonomy":"lb_age","embeddable":true,"href":"https:\/\/littlebellies.com\/ca\/wp-json\/wp\/v2\/lb_age?post=2685"},{"taxonomy":"lb_type","embeddable":true,"href":"https:\/\/littlebellies.com\/ca\/wp-json\/wp\/v2\/lb_type?post=2685"},{"taxonomy":"lb_flavour","embeddable":true,"href":"https:\/\/littlebellies.com\/ca\/wp-json\/wp\/v2\/lb_flavour?post=2685"},{"taxonomy":"lb_stage","embeddable":true,"href":"https:\/\/littlebellies.com\/ca\/wp-json\/wp\/v2\/lb_stage?post=2685"}],"curies":[{"name":"wp","href":"https:\/\/api.w.org\/{rel}","templated":true}]}}