{"id":2327,"date":"2024-06-20T00:45:22","date_gmt":"2024-06-20T06:45:22","guid":{"rendered":"https:\/\/littlebellies.com\/ca\/?post_type=product&#038;p=2327"},"modified":"2025-06-24T00:01:59","modified_gmt":"2025-06-24T06:01:59","slug":"ptits-batonnets-yogourt-aux-baies-biologiques","status":"publish","type":"product","link":"https:\/\/littlebellies.com\/ca\/fr\/product\/ptits-batonnets-yogourt-aux-baies-biologiques\/","title":{"rendered":"P\u2019tits B\u00e2tonnets Yogourt Aux Baies Biologiques"},"content":{"rendered":"<p>Tendres b\u00e2tonnets fondants multigrains au yogourt aux baies, que les p&#8217;tits doigts peuvent tenir pour encourager leur autonomie en toute s\u00e9b\u00e9curite. Id\u00e9al pour la collation d\u00e9s la deuxi\u00e9me \u00e9tape du d\u00e9veloppement.<\/p>\n<p>Nos collations de ma\u00efs souffl\u00e9 TANT \u00c0 EXPLORER pour les b\u00e9b\u00e9s de 10 mois et plus feront d\u00e9couvrir \u00e0 votre enfant de nouveaux go\u00fbts et de nouvelles formes et textures pour favoriser son autonomie. Collations id\u00e9ales pour le deuxi\u00e8me stade de d\u00e9veloppement.<\/p>\n","protected":false},"excerpt":{"rendered":"<p>Tendres b\u00e2tonnets fondants multigrains au yogourt aux baies, que les p&#8217;tits doigts peuvent tenir pour encourager leur autonomie en toute s\u00e9b\u00e9curite. Id\u00e9al pour la collation d\u00e9s la deuxi\u00e9me \u00e9tape du d\u00e9veloppement. Nos collations de ma\u00efs souffl\u00e9 TANT \u00c0 EXPLORER pour les b\u00e9b\u00e9s de 10 mois et plus feront d\u00e9couvrir \u00e0 votre enfant de nouveaux go\u00fbts [&hellip;]<\/p>\n","protected":false},"featured_media":2318,"template":"","meta":{"_acf_changed":false,"inline_featured_image":false},"product_brand":[],"product_cat":[183],"product_tag":[],"lb_age":[220],"lb_type":[224],"lb_flavour":[320,234],"lb_stage":[228],"class_list":{"0":"post-2327","1":"product","2":"type-product","3":"status-publish","4":"has-post-thumbnail","6":"product_cat-uncategorized-fr","7":"lb_age-10-mois-et-plus","8":"lb_type-bouffees","9":"lb_flavour-yogourt","10":"lb_flavour-baie","11":"lb_stage-bebes","13":"first","14":"instock","15":"product-type-simple"},"acf":[],"aioseo_notices":[],"lang":"fr","translations":{"fr":2327,"en":2314},"pll_sync_post":[],"_links":{"self":[{"href":"https:\/\/littlebellies.com\/ca\/wp-json\/wp\/v2\/product\/2327","targetHints":{"allow":["GET"]}}],"collection":[{"href":"https:\/\/littlebellies.com\/ca\/wp-json\/wp\/v2\/product"}],"about":[{"href":"https:\/\/littlebellies.com\/ca\/wp-json\/wp\/v2\/types\/product"}],"wp:featuredmedia":[{"embeddable":true,"href":"https:\/\/littlebellies.com\/ca\/wp-json\/wp\/v2\/media\/2318"}],"wp:attachment":[{"href":"https:\/\/littlebellies.com\/ca\/wp-json\/wp\/v2\/media?parent=2327"}],"wp:term":[{"taxonomy":"product_brand","embeddable":true,"href":"https:\/\/littlebellies.com\/ca\/wp-json\/wp\/v2\/product_brand?post=2327"},{"taxonomy":"product_cat","embeddable":true,"href":"https:\/\/littlebellies.com\/ca\/wp-json\/wp\/v2\/product_cat?post=2327"},{"taxonomy":"product_tag","embeddable":true,"href":"https:\/\/littlebellies.com\/ca\/wp-json\/wp\/v2\/product_tag?post=2327"},{"taxonomy":"lb_age","embeddable":true,"href":"https:\/\/littlebellies.com\/ca\/wp-json\/wp\/v2\/lb_age?post=2327"},{"taxonomy":"lb_type","embeddable":true,"href":"https:\/\/littlebellies.com\/ca\/wp-json\/wp\/v2\/lb_type?post=2327"},{"taxonomy":"lb_flavour","embeddable":true,"href":"https:\/\/littlebellies.com\/ca\/wp-json\/wp\/v2\/lb_flavour?post=2327"},{"taxonomy":"lb_stage","embeddable":true,"href":"https:\/\/littlebellies.com\/ca\/wp-json\/wp\/v2\/lb_stage?post=2327"}],"curies":[{"name":"wp","href":"https:\/\/api.w.org\/{rel}","templated":true}]}}