{"id":2100,"date":"2023-10-19T23:45:53","date_gmt":"2023-10-20T05:45:53","guid":{"rendered":"https:\/\/littlebellies.com\/ca\/?page_id=2100"},"modified":"2023-10-25T23:11:12","modified_gmt":"2023-10-26T05:11:12","slug":"faqs","status":"publish","type":"page","link":"https:\/\/littlebellies.com\/ca\/fr\/faqs\/","title":{"rendered":"FAQs"},"content":{"rendered":"\n<h2 class=\"wp-block-heading\">Vous trouverez ci-dessous les questions les plus fr\u00e9quemment pos\u00e9es.<\/h2>\n\n\n\n<h3 class=\"wp-block-heading\"><strong>Produit et ingr\u00e9dients<\/strong><\/h3>\n\n\n\n\n\n<section class=\"section-toggles\" >\n    <ul class=\"toggles js-toggles\">\n\n                    \n            <li class=\"toggle \" >\n                <h3 class=\"toggle__head\" >\n                    <a href=\"javascript:void(0)\" >LES PRODUITS LITTLE BELLIES SONT-ILS BIOLOGIQUES?<\/a>\n                <\/h3><!-- \/.toggle__head -->\n\n                <div class=\"toggle__body\" >\n                    <div class=\"toggle__body-inner\" >\n                        <p>Oui, tous nos produits pour b\u00e9b\u00e9s et tout-petits (de 4\u00a0mois et plus \u00e0 12\u00a0mois et plus) sont certifi\u00e9s biologiques. Les aliments que nous produisons sont concoct\u00e9s \u00e0 partir d\u2019ingr\u00e9dients biologiques soigneusement s\u00e9lectionn\u00e9s et cultiv\u00e9s naturellement sans pesticides ni engrais synth\u00e9tiques.<\/p>\n                    <\/div><!-- \/.toggle__body-inner -->\n                <\/div><!-- \/.toggle__body -->\n            <\/li><!-- \/.toggle -->\n                    \n            <li class=\"toggle \" >\n                <h3 class=\"toggle__head\" >\n                    <a href=\"javascript:void(0)\" >LES PRODUITS LITTLE BELLIES SONT-ILS SANS OGM?<\/a>\n                <\/h3><!-- \/.toggle__head -->\n\n                <div class=\"toggle__body\" >\n                    <div class=\"toggle__body-inner\" >\n                        <p>Oui, tous les produits Little Bellies sont sans OGM.<\/p>\n                    <\/div><!-- \/.toggle__body-inner -->\n                <\/div><!-- \/.toggle__body -->\n            <\/li><!-- \/.toggle -->\n                    \n            <li class=\"toggle \" >\n                <h3 class=\"toggle__head\" >\n                    <a href=\"javascript:void(0)\" >CERTAINS DE VOS PRODUITS SONT-ILS CASHER?<\/a>\n                <\/h3><!-- \/.toggle__head -->\n\n                <div class=\"toggle__body\" >\n                    <div class=\"toggle__body-inner\" >\n                        <p>Les barres aux raisins secs et aux fruits de Little Bellies sont casher.<\/p>\n                    <\/div><!-- \/.toggle__body-inner -->\n                <\/div><!-- \/.toggle__body -->\n            <\/li><!-- \/.toggle -->\n                    \n            <li class=\"toggle \" >\n                <h3 class=\"toggle__head\" >\n                    <a href=\"javascript:void(0)\" >VOS PRODUITS CONTIENNENT-ILS DES ALLERG\u00c8NES CONNUS?<\/a>\n                <\/h3><!-- \/.toggle__head -->\n\n                <div class=\"toggle__body\" >\n                    <div class=\"toggle__body-inner\" >\n                        <ul>\n<li>Nous nous effor\u00e7ons de garder les choses aussi simples que possible et travaillons avec nos fournisseurs pour \u00e9liminer ou, pour le moins, r\u00e9duire au minimum la pr\u00e9sence d\u2019allerg\u00e8nes couramment connus tout au long du processus de fabrication.<\/li>\n<li>Certains de nos produits sont fabriqu\u00e9s sur des cha\u00eenes de fabrication partag\u00e9es qui traitent \u00e9galement des aliments contenant des allerg\u00e8nes. Lorsque c\u2019est le cas, nous le soulignerons sur nos emballages.<\/li>\n<li>Pour obtenir des renseignements sur les allerg\u00e8nes, veuillez consulter notre page sur les produits ou les emballages.<\/li>\n<\/ul>\n                    <\/div><!-- \/.toggle__body-inner -->\n                <\/div><!-- \/.toggle__body -->\n            <\/li><!-- \/.toggle -->\n            <\/ul>\n<\/section><!-- \/.section-toggles -->\n\n\n<h3 class=\"wp-block-heading\"><strong>Emballages<\/strong><\/h3>\n\n\n\n\n\n<section class=\"section-toggles\" >\n    <ul class=\"toggles js-toggles\">\n\n                    \n            <li class=\"toggle \" >\n                <h3 class=\"toggle__head\" >\n                    <a href=\"javascript:void(0)\" >VOS EMBALLAGES ONT-ILS CHANG\u00c9?<\/a>\n                <\/h3><!-- \/.toggle__head -->\n\n                <div class=\"toggle__body\" >\n                    <div class=\"toggle__body-inner\" >\n                        <p>Les produits Little Bellies que vous connaissez et aimez sont toujours les m\u00eames\u00a0\u2013 maintenant tous sous le m\u00eame nom Little Bellies pour qu\u2019il soit plus facile de reconna\u00eetre la marque. Surveillez les indications relatives \u00e0 l\u2019\u00e2ge et au stade sur nos emballages.<\/p>\n<p>Nous actualisons r\u00e9guli\u00e8rement nos emballages afin d\u2019am\u00e9liorer l\u2019exp\u00e9rience d\u2019achat de notre client\u00e8le, de sorte qu\u2019au fil des mises \u00e0 jour, vous pourriez voir au cours de la m\u00eame p\u00e9riode des emballages anciens et nouveaux. Soyez assur\u00e9 que le produit est le m\u00eame.<\/p>\n                    <\/div><!-- \/.toggle__body-inner -->\n                <\/div><!-- \/.toggle__body -->\n            <\/li><!-- \/.toggle -->\n                    \n            <li class=\"toggle \" >\n                <h3 class=\"toggle__head\" >\n                    <a href=\"javascript:void(0)\" >COMMENT TROUVER LA DATE DE P\u00c9REMPTION DU PRODUIT?<\/a>\n                <\/h3><!-- \/.toggle__head -->\n\n                <div class=\"toggle__body\" >\n                    <div class=\"toggle__body-inner\" >\n                        <p>Vous trouverez la date de p\u00e9remption au dos de nos emballages.<\/p>\n                    <\/div><!-- \/.toggle__body-inner -->\n                <\/div><!-- \/.toggle__body -->\n            <\/li><!-- \/.toggle -->\n                    \n            <li class=\"toggle \" >\n                <h3 class=\"toggle__head\" >\n                    <a href=\"javascript:void(0)\" >LES EMBALLAGES DE LITTLE BELLIES SONT-ILS RECYCLABLES?<\/a>\n                <\/h3><!-- \/.toggle__head -->\n\n                <div class=\"toggle__body\" >\n                    <div class=\"toggle__body-inner\" >\n                        <p>Tous nos emballages en papier et en carton sont enti\u00e8rement recyclables dans tous les pays o\u00f9 nous exer\u00e7ons nos activit\u00e9s.<\/p>\n<p>Certains de nos emballages sont en plastique mou, qui peut \u00eatre recycl\u00e9 dans certaines r\u00e9gions en fonction des programmes de recyclage locaux. Renseignez-vous aupr\u00e8s de votre conseil municipal ou du centre de recyclage.<\/p>\n                    <\/div><!-- \/.toggle__body-inner -->\n                <\/div><!-- \/.toggle__body -->\n            <\/li><!-- \/.toggle -->\n            <\/ul>\n<\/section><!-- \/.section-toggles -->\n\n\n<h2 class=\"wp-block-heading\"><strong>En quoi les collations de Little Bellies sont-elles naturelles?<\/strong><\/h2>\n\n\n\n\n\n<section class=\"section-toggles\" >\n    <ul class=\"toggles js-toggles\">\n\n                    \n            <li class=\"toggle \" >\n                <h3 class=\"toggle__head\" >\n                    <a href=\"javascript:void(0)\" >QUE SIGNIFIE LE MOT NATUREL?<\/a>\n                <\/h3><!-- \/.toggle__head -->\n\n                <div class=\"toggle__body\" >\n                    <div class=\"toggle__body-inner\" >\n                        <p>Le mot <em>naturel <\/em>signifie qu\u2019aucun \u00e9l\u00e9ment artificiel ou synth\u00e9tique que vous ne vous attendriez pas \u00e0 trouver dans votre nourriture n\u2019a \u00e9t\u00e9 utilis\u00e9. Nous choisissons seulement des ingr\u00e9dients alimentaires naturels que vous pouvez reconna\u00eetre, comme les l\u00e9gumes, les fruits, les lentilles et les c\u00e9r\u00e9ales.<\/p>\n<p>Nos collations pour b\u00e9b\u00e9s et tout-petits sont concoct\u00e9es \u00e0 partir d\u2019ingr\u00e9dients biologiques soigneusement s\u00e9lectionn\u00e9s et cultiv\u00e9s naturellement sans pesticides ni engrais synth\u00e9tiques. Tous nos produits sont exempts de colorants, d\u2019ar\u00f4mes ou d\u2019additifs artificiels.<\/p>\n                    <\/div><!-- \/.toggle__body-inner -->\n                <\/div><!-- \/.toggle__body -->\n            <\/li><!-- \/.toggle -->\n                    \n            <li class=\"toggle \" >\n                <h3 class=\"toggle__head\" >\n                    <a href=\"javascript:void(0)\" >LES FRUITS ET L\u00c9GUMES NON R\u00c9FRIG\u00c9R\u00c9S SE G\u00c2TENT SANS L\u2019AJOUT D\u2019AGENTS DE CONSERVATION. COMMENT DES PRODUITS \u00c0 LONGUE DUR\u00c9E DE CONSERVATION PEUVENT-ILS \u00caTRE NATURELS?<\/a>\n                <\/h3><!-- \/.toggle__head -->\n\n                <div class=\"toggle__body\" >\n                    <div class=\"toggle__body-inner\" >\n                        <p>exemple de la m\u00eame mani\u00e8re que la cuisson d\u2019un g\u00e2teau ou d\u2019une sauce prolonge \u00e9galement la dur\u00e9e de vie des mati\u00e8res premi\u00e8res utilis\u00e9es. Les ingr\u00e9dients que nous s\u00e9lectionnons sont \u00e9galement d\u00e9j\u00e0 conserv\u00e9s naturellement. Par exemple, la farine de ma\u00efs et les poudres de fruits ont \u00e9t\u00e9 s\u00e9ch\u00e9es et moulues, ce qui leur conf\u00e8re naturellement une dur\u00e9e de conservation plus longue, permettant ainsi \u00e0 nos produits de se conserver plus longtemps.<\/p>\n<p>Nous veillons \u00e9galement \u00e0 utiliser des emballages de haute qualit\u00e9, adapt\u00e9s au produit final. L\u2019emballage que nous utilisons emp\u00eache la lumi\u00e8re et l\u2019oxyg\u00e8ne de p\u00e9n\u00e9trer, ce qui permet \u00e0 nos produits de rester frais plus longtemps.<\/p>\n                    <\/div><!-- \/.toggle__body-inner -->\n                <\/div><!-- \/.toggle__body -->\n            <\/li><!-- \/.toggle -->\n                    \n            <li class=\"toggle \" >\n                <h3 class=\"toggle__head\" >\n                    <a href=\"javascript:void(0)\" >QUELLES MESURES PRENEZ-VOUS POUR GARANTIR LA QUALIT\u00c9 DE VOS ALIMENTS?<\/a>\n                <\/h3><!-- \/.toggle__head -->\n\n                <div class=\"toggle__body\" >\n                    <div class=\"toggle__body-inner\" >\n                        <p>Nous n\u2019utiliserons jamais d\u2019ingr\u00e9dients qui contiennent des OGM ni de colorants, d\u2019ar\u00f4mes ou d\u2019additifs artificiels.<\/p>\n<p>Nos collations pour b\u00e9b\u00e9s et tout-petits (7\u00a0mois et plus \u00e0 12\u00a0mois et plus) sont concoct\u00e9es \u00e0 partir d\u2019ingr\u00e9dients biologiques soigneusement s\u00e9lectionn\u00e9s et cultiv\u00e9s naturellement sans pesticides ni engrais synth\u00e9tiques. De plus, nous n\u2019utilisons pas de sucre de canne et n\u2019ajoutons pas de sucres simples, comme le sirop de riz, le miel ou la maltodextrine. Lorsqu\u2019un produit doit \u00eatre aromatis\u00e9, nous utilisons simplement des poudres de fruits biologiques s\u00e9ch\u00e9s, qui donnent une note sucr\u00e9e subtile. Nous visitons et passons en revue chacun de nos fournisseurs avant d\u2019accepter de collaborer avec eux. Nous rencontrons leur \u00e9quipe, discutons de nos besoins, apprenons de leur expertise et prenons le temps de nouer des relations significatives et durables. Nous prot\u00e9geons la qualit\u00e9 en veillant \u00e0 ce que le plus haut niveau de contr\u00f4le de la qualit\u00e9 soit en place dans tous les processus et installations de fabrication.<\/p>\n                    <\/div><!-- \/.toggle__body-inner -->\n                <\/div><!-- \/.toggle__body -->\n            <\/li><!-- \/.toggle -->\n            <\/ul>\n<\/section><!-- \/.section-toggles -->\n\n\n<h3 class=\"wp-block-heading\"><strong>Diversification alimentaire<\/strong><\/h3>\n\n\n\n\n\n<section class=\"section-toggles\" >\n    <ul class=\"toggles js-toggles\">\n\n                    \n            <li class=\"toggle \" >\n                <h3 class=\"toggle__head\" >\n                    <a href=\"javascript:void(0)\" >QUAND DOIS-JE COMMENCER \u00c0 DONNER DES ALIMENTS SOLIDES \u00c0 MON B\u00c9B\u00c9?<\/a>\n                <\/h3><!-- \/.toggle__head -->\n\n                <div class=\"toggle__body\" >\n                    <div class=\"toggle__body-inner\" >\n                        <p>Bien que chaque enfant soit diff\u00e9rent, on consid\u00e8re g\u00e9n\u00e9ralement qu\u2019il est prudent de commencer \u00e0 introduire des aliments solides au plus t\u00f4t \u00e0 16\u00a0semaines et au plus tard \u00e0 24\u00a0semaines (\u00e2ge corrig\u00e9). \u00c0 ce stade, vous pouvez commencer \u00e0 remarquer certains ou l\u2019ensemble des signes suivants qui indiquent que votre b\u00e9b\u00e9 est pr\u00eat \u00e0 manger des aliments solides\u00a0: il peut contr\u00f4ler sa t\u00eate et son cou; il peut rester assis en position verticale lorsqu\u2019il est soutenu; il s\u2019int\u00e9resse \u00e0 la nourriture, la cherche et ouvre la bouche lorsqu\u2019on la lui pr\u00e9sente \u00e0 la cuill\u00e8re. Les premiers aliments solides doivent \u00eatre nutritifs et avoir la consistance d\u2019une p\u00e2te fine et lisse. Pour en savoir plus sur l\u2019introduction des articles solides, veuillez lire notre article intitul\u00e9 <a href=\"https:\/\/littlebellies.com\/ca\/fr\/learn-play\/introduction-des-aliments-solides-chez-le-bebe-un-guide-pour-les-parents\/\"><strong><em>Introduction des aliments solides<\/em><\/strong><\/a>.<\/p>\n                    <\/div><!-- \/.toggle__body-inner -->\n                <\/div><!-- \/.toggle__body -->\n            <\/li><!-- \/.toggle -->\n                    \n            <li class=\"toggle \" >\n                <h3 class=\"toggle__head\" >\n                    <a href=\"javascript:void(0)\" >\u00c0 QUEL \u00c2GE PUIS-JE COMMENCER \u00c0 DONNER \u00c0 MON B\u00c9B\u00c9 DES PRODUITS LITTLE BELLIES?<\/a>\n                <\/h3><!-- \/.toggle__head -->\n\n                <div class=\"toggle__body\" >\n                    <div class=\"toggle__body-inner\" >\n                        <p>Tous nos produits sont con\u00e7us non seulement pour r\u00e9pondre aux besoins des b\u00e9b\u00e9s en croissance, mais aussi pour assurer leur s\u00e9curit\u00e9. Juste les go\u00fbts, les textures, les formats et les portions qu\u2019il faut pour soutenir votre enfant \u00e0 chaque \u00e2ge et \u00e0 chaque stade de son d\u00e9veloppement. Veuillez suivre les recommandations relatives \u00e0 l\u2019\u00e2ge figurant sur nos emballages pour trouver le produit appropri\u00e9 \u00e0 votre enfant. M\u00eame si nous fournissons des renseignements g\u00e9n\u00e9raux sur l\u2019\u00e2ge recommand\u00e9, chaque enfant a son propre rythme de croissance, et les parents doivent adapter l\u2019\u00e2ge recommand\u00e9 en cons\u00e9quence. Vous pouvez commencer par des collations de ma\u00efs souffl\u00e9 de Little Bellies d\u00e8s 7\u00a0mois\u00a0: d\u2019abord, de notre gamme <a href=\"https:\/\/littlebellies.com\/ca\/fr\/snacks-by-age\/7-mois-et-plus\/\"><strong>TEXTURES SAVOUREUSES<\/strong><\/a>, puis de notre gamme <a href=\"https:\/\/littlebellies.com\/ca\/fr\/snacks-by-age\/10-mois-et-plus\/\"><strong>TANT \u00c0 EXPLORER<\/strong><\/a> \u00e0 10\u00a0mois. En cas de doute, n\u2019h\u00e9sitez pas \u00e0 communiquer avec nous pour en savoir plus sur nos produits.<\/p>\n                    <\/div><!-- \/.toggle__body-inner -->\n                <\/div><!-- \/.toggle__body -->\n            <\/li><!-- \/.toggle -->\n                    \n            <li class=\"toggle \" >\n                <h3 class=\"toggle__head\" >\n                    <a href=\"javascript:void(0)\" >COMMENT SAURAI-JE QUE MON ENFANT EST PR\u00caT \u00c0 MANGER DES COLLATIONS LITTLE BELLIES?<\/a>\n                <\/h3><!-- \/.toggle__head -->\n\n                <div class=\"toggle__body\" >\n                    <div class=\"toggle__body-inner\" >\n                        <p>Tout d\u2019abord, n\u2019oubliez pas qu\u2019il n\u2019y a pas de r\u00e8gles strictes. Chaque enfant est une petite personne unique avec sa propre courbe de croissance. La chose la plus importante \u00e0 prendre en compte lorsque vous d\u00e9cidez de commencer \u00e0 donner \u00e0 votre enfant des collations Little Bellies est de vous assurer qu\u2019il peut s\u2019asseoir tout seul. Il s\u2019agit d\u2019une \u00e9tape importante du d\u00e9veloppement de l\u2019enfant, qui doit \u00eatre franchie avant de commencer \u00e0 lui donner des aliments \u00e0 manger avec les doigts. Comme chaque enfant est diff\u00e9rent, il franchit ses \u00e9tapes \u00e0 des moments diff\u00e9rents. Il est important de consid\u00e9rer votre b\u00e9b\u00e9 comme une personne et de ne pas le comparer \u00e0 d\u2019autres b\u00e9b\u00e9s du m\u00eame \u00e2ge.<\/p>\n<ul>\n<li>Un grand nombre de b\u00e9b\u00e9s \u00e2g\u00e9s de 6 ou 7 mois peuvent s\u2019asseoir de mani\u00e8re autonome, et vous pouvez remarquer la prise du r\u00e2teau. Lorsque votre b\u00e9b\u00e9 attrape des objets et essaie de les rapprocher, vous observerez un mouvement de ratissage. C\u2019est le d\u00e9but de la phase d\u2019alimentation autonome. Donc, \u00e0 partir de 7 mois et plus, vous pouvez commencer par les collations <a href=\"https:\/\/littlebellies.com\/ca\/fr\/snacks-by-age\/7-mois-et-plus\/\"><strong>TEXTURES SAVOUREUSES<\/strong><\/a> de Little Bellies.<\/li>\n<li>\u00c0 partir de l\u2019\u00e2ge de 9 mois environ, vous pouvez observer la pince fine. \u00c0 ce stade du d\u00e9veloppement, votre b\u00e9b\u00e9 utilise encore la pulpe de ses doigts, et non le bout; mais il essaie maintenant d\u2019atteindre et de tenir les objets avec son index et son pouce. Cela lui permet de prendre et de tenir des aliments plus petits, ce qui favorise l\u2019alimentation autonome et l\u2019ind\u00e9pendance.\u00a0Vers l\u2019\u00e2ge de 10\u00a0mois, vous pouvez passer \u00e0 la gamme suivante, <a href=\"https:\/\/littlebellies.com\/ca\/fr\/snacks-by-age\/10-mois-et-plus\/\"><strong>TANT \u00c0 EXPLORER<\/strong><\/a>, en ajoutant plus de saveurs, de textures et de formes pour l\u2019aider \u00e0 exercer sa pince fine, \u00e0 d\u00e9velopper son sens du go\u00fbt et \u00e0 favoriser son autonomie.<\/li>\n<\/ul>\n<p>Pour en savoir plus sur les \u00e9tapes de d\u00e9veloppement et la pince fine, consultez notre article intitul\u00e9 <a href=\"https:\/\/littlebellies.com\/ca\/fr\/learn-play\/les-avantages-de-jouer-avec-la-nourriture-developpement-de-la-motricite-fine-et-globale\/\"><strong><em>Les avantages de jouer avec la nourriture\u00a0:<\/em> <em>d\u00e9veloppement de la motricit\u00e9 fine et globale<\/em><\/strong><\/a>.<\/p>\n                    <\/div><!-- \/.toggle__body-inner -->\n                <\/div><!-- \/.toggle__body -->\n            <\/li><!-- \/.toggle -->\n                    \n            <li class=\"toggle \" >\n                <h3 class=\"toggle__head\" >\n                    <a href=\"javascript:void(0)\" >QUELLE QUANTIT\u00c9 DE NOURRITURE MON ENFANT DEVRAIT-IL MANGER?<\/a>\n                <\/h3><!-- \/.toggle__head -->\n\n                <div class=\"toggle__body\" >\n                    <div class=\"toggle__body-inner\" >\n                        <p>Il n\u2019y a pas de r\u00e8gles strictes, car chaque enfant est diff\u00e9rent. En ce qui concerne le partage des responsabilit\u00e9s, nous pensons qu\u2019il est essentiel de permettre \u00e0 votre enfant de se r\u00e9guler, et d\u2019observer ses signes pour savoir s\u2019il en a assez ou s\u2019il a besoin de plus.<\/p>\n<ul>\n<li>Entre 16 et 24\u00a0semaines, lorsque votre b\u00e9b\u00e9 est pr\u00eat \u00e0 passer aux aliments solides, commencez par 1 ou 2\u00a0cuill\u00e8res \u00e0 th\u00e9 d\u2019une pur\u00e9e constitu\u00e9e d\u2019un seul ingr\u00e9dient, comme la pur\u00e9e de pomme ou de banane biologique de Little Bellies. Augmentez progressivement jusqu\u2019\u00e0 1 ou 2\u00a0cuill\u00e8res \u00e0 soupe. Les premi\u00e8res bouch\u00e9es servent surtout \u00e0 lui faire d\u00e9couvrir de nouvelles saveurs. \u00c0 ce stade, il est important de lire ses signes et de pouvoir suivre ses indications, c\u2019est-\u00e0-dire qu\u2019il en veut plus ou moins. Il est conseill\u00e9 de lui donner ses premiers aliments le matin de sorte que s\u2019il a des r\u00e9actions \u00e0 l\u2019aliment, elles ne se produisent pas pendant la nuit, alors qu\u2019il dorment. Une fois que vous avez expos\u00e9 votre b\u00e9b\u00e9 \u00e0 un aliment et qu\u2019il l\u2019a tol\u00e9r\u00e9, vous pouvez commencer \u00e0 combiner des aliments. La vari\u00e9t\u00e9 est si importante pour le d\u00e9veloppement des go\u00fbts.<\/li>\n<li>Lorsque votre b\u00e9b\u00e9 a pris un repas par jour pendant environ deux ou trois\u00a0semaines, vous pouvez introduire un deuxi\u00e8me repas, puis un troisi\u00e8me. Pendant cette p\u00e9riode, il est conseill\u00e9 de privil\u00e9gier les aliments riches en fer, car \u00e0 partir de l\u2019\u00e2ge de 6\u00a0mois, les r\u00e9serves de fer accumul\u00e9es \u00e0 la naissance commencent \u00e0 diminuer.<\/li>\n<li>Vers l\u2019\u00e2ge de 10\u00a0mois, lorsque votre b\u00e9b\u00e9 est bien habitu\u00e9 aux aliments solides, sa nourriture devient plus importante que son lait. C\u2019est \u00e0 ce stade que vous commencez \u00e0 lui donner de la nourriture, puis du lait. Id\u00e9alement, il devrait manger toutes les 2,5 \u00e0 3\u00a0heures tout au long de la journ\u00e9e. \u00c0 ce stade, il est conseill\u00e9 de commencer \u00e0 faire prendre \u00e0 votre b\u00e9b\u00e9 3\u00a0repas et 2\u00a0collations au cours de la journ\u00e9e. C\u2019est peut-\u00eatre le bon moment pour ajouter des collations pour b\u00e9b\u00e9s <a href=\"https:\/\/littlebellies.com\/ca\/fr\/snacks-by-age\/7-mois-et-plus\/\"><strong>TEXTURES SAVOUREUSES<\/strong><\/a> de Little Bellies, en avant-midi et en apr\u00e8s-midi. Ces collations peuvent \u00eatre introduites \u00e0 partir de 7\u00a0mois et plus.<\/li>\n<\/ul>\n                    <\/div><!-- \/.toggle__body-inner -->\n                <\/div><!-- \/.toggle__body -->\n            <\/li><!-- \/.toggle -->\n                    \n            <li class=\"toggle \" >\n                <h3 class=\"toggle__head\" >\n                    <a href=\"javascript:void(0)\" >QUELLES SONT LES COLLATIONS DE LITTLE BELLIES QUI CONVIENNENT AU PREMIER STADE DE D\u00c9VELOPPEMENT?<\/a>\n                <\/h3><!-- \/.toggle__head -->\n\n                <div class=\"toggle__body\" >\n                    <div class=\"toggle__body-inner\" >\n                        <p>La gamme de collations de ma\u00efs souffl\u00e9 <a href=\"https:\/\/littlebellies.com\/ca\/fr\/snacks-by-age\/7-mois-et-plus\/\"><strong>TEXTURES SAVOUREUSES<\/strong><\/a> de Little Bellies pour les b\u00e9b\u00e9s de 7\u00a0mois et plus a \u00e9t\u00e9 sp\u00e9cialement con\u00e7ue pour le premier stade de d\u00e9veloppement afin d\u2019aider \u00e0 d\u00e9velopper le sens du go\u00fbt, \u00e0 exercer la pince fine et \u00e0 pratiquer une alimentation autonome s\u00e9curitaire. Dans cette gamme, nous introduisons des saveurs subtiles, de nouvelles exp\u00e9riences de texture et des formes douces qui fondent dans la bouche et que les petits doigts peuvent tenir.<\/p>\n                    <\/div><!-- \/.toggle__body-inner -->\n                <\/div><!-- \/.toggle__body -->\n            <\/li><!-- \/.toggle -->\n            <\/ul>\n<\/section><!-- \/.section-toggles -->\n\n\n<h2 class=\"wp-block-heading\"><strong>Autre<\/strong><\/h2>\n\n\n\n\n\n<section class=\"section-toggles\" >\n    <ul class=\"toggles js-toggles\">\n\n                    \n            <li class=\"toggle \" >\n                <h3 class=\"toggle__head\" >\n                    <a href=\"javascript:void(0)\" >O\u00d9 PUIS-JE ACHETER VOS PRODUITS?<\/a>\n                <\/h3><!-- \/.toggle__head -->\n\n                <div class=\"toggle__body\" >\n                    <div class=\"toggle__body-inner\" >\n                        <p>Les produits Little Bellies sont disponibles chez tous les principaux d\u00e9taillants. Rendez-vous sur la page du produit qui vous int\u00e9resse et cliquez sur \u00ab\u00a0Points de vente\u00a0\u00bb pour le trouver dans un magasin de votre r\u00e9gion.<\/p>\n                    <\/div><!-- \/.toggle__body-inner -->\n                <\/div><!-- \/.toggle__body -->\n            <\/li><!-- \/.toggle -->\n                    \n            <li class=\"toggle \" >\n                <h3 class=\"toggle__head\" >\n                    <a href=\"javascript:void(0)\" >COMMENT PUIS-JE COMMUNIQUER AVEC L\u2019\u00c9QUIPE DE LITTLE BELLIES?<\/a>\n                <\/h3><!-- \/.toggle__head -->\n\n                <div class=\"toggle__body\" >\n                    <div class=\"toggle__body-inner\" >\n                        <p>Veuillez utiliser notre formulaire de contact pour communiquer avec nous.<\/p>\n                    <\/div><!-- \/.toggle__body-inner -->\n                <\/div><!-- \/.toggle__body -->\n            <\/li><!-- \/.toggle -->\n            <\/ul>\n<\/section><!-- \/.section-toggles -->\n\n\n<p><\/p>\n","protected":false},"excerpt":{"rendered":"<p>Vous trouverez ci-dessous les questions les plus fr\u00e9quemment pos\u00e9es. Produit et ingr\u00e9dients Emballages En quoi les collations de Little Bellies sont-elles naturelles? Diversification alimentaire Autre<\/p>\n","protected":false},"author":1,"featured_media":0,"parent":0,"menu_order":13,"comment_status":"closed","ping_status":"closed","template":"","meta":{"_acf_changed":false,"inline_featured_image":false,"footnotes":""},"class_list":["post-2100","page","type-page","status-publish","hentry"],"acf":[],"aioseo_notices":[],"lang":"fr","translations":{"fr":2100,"en":229},"pll_sync_post":[],"_links":{"self":[{"href":"https:\/\/littlebellies.com\/ca\/wp-json\/wp\/v2\/pages\/2100","targetHints":{"allow":["GET"]}}],"collection":[{"href":"https:\/\/littlebellies.com\/ca\/wp-json\/wp\/v2\/pages"}],"about":[{"href":"https:\/\/littlebellies.com\/ca\/wp-json\/wp\/v2\/types\/page"}],"author":[{"embeddable":true,"href":"https:\/\/littlebellies.com\/ca\/wp-json\/wp\/v2\/users\/1"}],"replies":[{"embeddable":true,"href":"https:\/\/littlebellies.com\/ca\/wp-json\/wp\/v2\/comments?post=2100"}],"version-history":[{"count":0,"href":"https:\/\/littlebellies.com\/ca\/wp-json\/wp\/v2\/pages\/2100\/revisions"}],"wp:attachment":[{"href":"https:\/\/littlebellies.com\/ca\/wp-json\/wp\/v2\/media?parent=2100"}],"curies":[{"name":"wp","href":"https:\/\/api.w.org\/{rel}","templated":true}]}}