{"id":2092,"date":"2023-10-19T23:41:11","date_gmt":"2023-10-20T05:41:11","guid":{"rendered":"https:\/\/littlebellies.com\/ca\/?page_id=2092"},"modified":"2023-10-25T22:59:03","modified_gmt":"2023-10-26T04:59:03","slug":"developpement-naturel","status":"publish","type":"page","link":"https:\/\/littlebellies.com\/ca\/fr\/notre-histoire\/developpement-naturel\/","title":{"rendered":"D\u00e9veloppement naturel"},"content":{"rendered":"\n<div class=\"section-highlight\">\n    <div class=\"cta \" style=\"background-color: #FFF8EA; color: #005124; border-color: #005124\">\n        <div class=\"cta__content\">\n            <p>Chez Little Bellies, nous croyons en ce qui est naturel et comme nous le savons tous, le jeu est une chose que les enfants font tr\u00e8s naturellement! C\u2019est une partie importante de leur d\u00e9veloppement. En jouant avec leur nourriture, les enfants se familiarisent avec le monde et nouent une relation plus d\u00e9tendue et positive avec des aliments vari\u00e9s. Ce jeu fait appel \u00e0 leurs sens et stimule leur curiosit\u00e9. Ils peuvent en effet \u00e9craser, presser et modeler les aliments, ce qui contribue \u00e0 d\u00e9velopper leur motricit\u00e9 fine ainsi que leur coordination \u0153il-main. La gamme de produits de Little Bellies est con\u00e7ue pour encourager les enfants \u00e0 jouer. Nous proposons une gamme de formes, de textures et de saveurs concoct\u00e9es \u00e0 partir d\u2019ingr\u00e9dients biologiques adapt\u00e9es aux b\u00e9b\u00e9s. Nos produits favorisent le d\u00e9veloppement des habilet\u00e9s motrices \u00e0 chaque \u00e9tape de l\u2019alimentation. Chaque bouch\u00e9e et chaque souffl\u00e9 deviennent fondants une fois grignot\u00e9s, ce qui les rend parfaits pour une alimentation autonome s\u00e9curitaire au fur et \u00e0 mesure que l\u2019enfant grandit. Pour en savoir plus sur l\u2019importance du jeu avec la nourriture dans le d\u00e9veloppement de votre enfant, lisez l\u2019article intitul\u00e9 <a href=\"https:\/\/littlebellies.com\/ca\/fr\/learn-play\/pourquoi-est-ce-important-de-jouer-avec-la-nourriture\/\"><strong><em>Pourquoi jouer avec la nourriture est important? <\/em><\/strong><\/a>Pour en savoir plus sur la fa\u00e7on dont jouer avec la nourriture aide votre b\u00e9b\u00e9 \u00e0 d\u00e9velopper sa motricit\u00e9, lisez l\u2019article intitul\u00e9 <a href=\"https:\/\/littlebellies.com\/ca\/fr\/learn-play\/les-avantages-de-jouer-avec-la-nourriture-developpement-de-la-motricite-fine-et-globale\/\"><strong><em>Les avantages de jouer avec la nourriture:<\/em> <em>d\u00e9veloppement de la motricit\u00e9 fine et globale<\/em><\/strong><\/a>.<\/p>\n\n            \n        <\/div><!-- \/.cta__content -->\n\n        <div class=\"cta__image\">\n            <img decoding=\"async\" width=\"435\" height=\"589\" src=\"https:\/\/littlebellies.com\/ca\/wp-content\/uploads\/sites\/4\/natural-baby-development-001.jpeg\" class=\"attachment-full size-full\" alt=\"\" srcset=\"https:\/\/littlebellies.com\/ca\/wp-content\/uploads\/sites\/4\/natural-baby-development-001.jpeg 435w, https:\/\/littlebellies.com\/ca\/wp-content\/uploads\/sites\/4\/natural-baby-development-001-222x300.jpeg 222w\" sizes=\"(max-width: 435px) 100vw, 435px\" \/>        <\/div><!-- \/.cta__image -->\n    <\/div><!-- \/.cta -->\n<\/div><!-- \/.section-highlight -->\n\n\n\n<div class=\"section-highlight\">\n    <div class=\"cta \" style=\"background-color: #FFF8EA; color: #005124; border-color: #005124\">\n        <div class=\"cta__content\">\n            <p>Jouer avec la nourriture stimule la cr\u00e9ativit\u00e9 et l\u2019imagination. Les enfants peuvent utiliser des aliments pour construire des structures, cr\u00e9er des \u0153uvres d\u2019art ou m\u00eame mimer des sc\u00e9narios imaginatifs. C\u2019est aussi une exp\u00e9rience sociale : lorsque les enfants jouent ensemble avec leur nourriture, cela facilite la coop\u00e9ration, la communication et le partage. Nous avons fait \u00e9quipe avec Simone Emery, sp\u00e9cialiste de l\u2019alimentation naturelle, pour mettre au point une s\u00e9rie de jeux et d\u2019astuces destin\u00e9s \u00e0 faire jouer les petits doigts avec tous les groupes d\u2019aliments. Les cr\u00e9ations n\u2019ont pas besoin d\u2019\u00eatre parfaites ou difficiles \u00e0 pr\u00e9parer. En fait, elles devraient \u00eatre simples, interactives et salissantes! D\u00e9couvrez les jeux de Little Bellies pour chaque stade dans le <a href=\"https:\/\/littlebellies.com\/ca\/fr\/learn-play\/french-play-with-food-guide-tips-hacks-and-game-ideas\/\"><strong><em>Guide Jouer en d\u00e9tournant la nourriture:<\/em> <em>trucs, astuces et id\u00e9es de jeux<\/em><\/strong><\/a> de Simone Emery.<\/p>\n\n            \n        <\/div><!-- \/.cta__content -->\n\n        <div class=\"cta__image\">\n            <img decoding=\"async\" width=\"435\" height=\"488\" src=\"https:\/\/littlebellies.com\/ca\/wp-content\/uploads\/sites\/4\/natural-mother-development-001.jpeg\" class=\"attachment-full size-full\" alt=\"\" srcset=\"https:\/\/littlebellies.com\/ca\/wp-content\/uploads\/sites\/4\/natural-mother-development-001.jpeg 435w, https:\/\/littlebellies.com\/ca\/wp-content\/uploads\/sites\/4\/natural-mother-development-001-267x300.jpeg 267w\" sizes=\"(max-width: 435px) 100vw, 435px\" \/>        <\/div><!-- \/.cta__image -->\n    <\/div><!-- \/.cta -->\n<\/div><!-- \/.section-highlight -->\n","protected":false},"excerpt":{"rendered":"","protected":false},"author":1,"featured_media":0,"parent":2016,"menu_order":8,"comment_status":"closed","ping_status":"closed","template":"","meta":{"_acf_changed":false,"inline_featured_image":false,"footnotes":""},"class_list":["post-2092","page","type-page","status-publish","hentry"],"acf":[],"aioseo_notices":[],"lang":"fr","translations":{"fr":2092,"en":217},"pll_sync_post":[],"_links":{"self":[{"href":"https:\/\/littlebellies.com\/ca\/wp-json\/wp\/v2\/pages\/2092","targetHints":{"allow":["GET"]}}],"collection":[{"href":"https:\/\/littlebellies.com\/ca\/wp-json\/wp\/v2\/pages"}],"about":[{"href":"https:\/\/littlebellies.com\/ca\/wp-json\/wp\/v2\/types\/page"}],"author":[{"embeddable":true,"href":"https:\/\/littlebellies.com\/ca\/wp-json\/wp\/v2\/users\/1"}],"replies":[{"embeddable":true,"href":"https:\/\/littlebellies.com\/ca\/wp-json\/wp\/v2\/comments?post=2092"}],"version-history":[{"count":0,"href":"https:\/\/littlebellies.com\/ca\/wp-json\/wp\/v2\/pages\/2092\/revisions"}],"up":[{"embeddable":true,"href":"https:\/\/littlebellies.com\/ca\/wp-json\/wp\/v2\/pages\/2016"}],"wp:attachment":[{"href":"https:\/\/littlebellies.com\/ca\/wp-json\/wp\/v2\/media?parent=2092"}],"curies":[{"name":"wp","href":"https:\/\/api.w.org\/{rel}","templated":true}]}}