{"id":2085,"date":"2023-10-19T23:25:47","date_gmt":"2023-10-20T05:25:47","guid":{"rendered":"https:\/\/littlebellies.com\/ca\/?page_id=2085"},"modified":"2023-10-23T21:41:04","modified_gmt":"2023-10-24T03:41:04","slug":"nos-valeurs-alimentaires","status":"publish","type":"page","link":"https:\/\/littlebellies.com\/ca\/fr\/notre-histoire\/nos-valeurs-alimentaires\/","title":{"rendered":"Nos valeurs alimentaires"},"content":{"rendered":"\n<p>Nos collations pour b\u00e9b\u00e9s et tout-petits sont certifi\u00e9es biologiques, naturelles et d\u00e9licieuses. Elles sont con\u00e7ues en tenant compte de la s\u00e9curit\u00e9 de l\u2019enfant, de son \u00e2ge et de l\u2019\u00e9tape \u00e0 laquelle il se trouve.<\/p>\n\n\n\n<div class=\"section-highlight\">\n    <div class=\"image-text \" style=\"background-color: #FFF8EA; color: #005124; border-color: #005124\">\n        <div class=\"image-text__content\">\n            <h2><strong>Adapt\u00e9 \u00e0 l\u2019\u00e2ge et au stade<\/strong><\/h2>\n<p>Juste les bonnes saveurs, textures, formes et portions pour favoriser le d\u00e9veloppement de votre enfant. Lors du d\u00e9veloppement de nos produits, nous prenons soigneusement en compte les besoins nutritionnels, les saveurs, les formes et les textures pour chaque \u00e2ge et chaque stade afin de favoriser une alimentation autonome et la progression des habilet\u00e9s motrices, comme la pince fine, la coordination \u0153il-main, la mastication et la d\u00e9glutition.<\/p>\n\n            \n    <div class=\"show-more js-show-more \">\n        <div class=\"show-more__head\">\n            <a href=\"#\">\n                <span>Read more<\/span>\n                <span>Read less<\/span>\n            <\/a>\n        <\/div><!-- \/.show-more__head -->\n\n        <div class=\"show-more__body\">\n            <div class=\"show-more__body-inner text-content first-child-remove-top-margin;\" style=\"color: #005124 !important \">\n                <p>Nos produits permettent une progression tout au long des stades du d\u00e9veloppement, en introduisant de nouvelles exp\u00e9riences gustatives adapt\u00e9es \u00e0 l\u2019\u00e2ge de l\u2019enfant \u00e0 mesure qu\u2019il franchit une nouvelle \u00e9tape.<\/p>\n<ul>\n<li>Nos produits pour b\u00e9b\u00e9s de 7\u00a0mois et plus sont parfaits pour les petites papilles gustatives aux premi\u00e8res \u00e9tapes d\u2019un parcours d\u2019une vie de la d\u00e9couverte des aliments. Le palais des b\u00e9b\u00e9s est comme une ardoise vierge, c\u2019est pourquoi nous pensons qu\u2019il est important de les aider \u00e0 d\u00e9marrer sur la bonne voie en \u00e9vitant les saveurs fortes et les ingr\u00e9dients superflus. Nos produits pour b\u00e9b\u00e9s sont simples, doux et subtils, et introduisent de nouvelles exp\u00e9riences de texture.<\/li>\n<li>Nos produits pour les tout-petits de 12\u00a0mois et plus comprennent des collations avec des textures, des formes et des saveurs plus aventureuses. \u00c0 mesure que les nourrissons deviennent des tout-petits, nous continuons \u00e0 leur offrir de nouvelles collations et de nouveaux repas sans sucre, sel ou additifs superflus.<\/li>\n<\/ul>\n            <\/div><!-- \/.show-more-body__inner -->\n        <\/div><!-- \/.show-more__body -->\n    <\/div><!-- \/.show-more -->\n\n        <\/div><!-- \/.cta__content -->\n\n        <div class=\"image-text__image\">\n            <img decoding=\"async\" width=\"279\" height=\"193\" src=\"https:\/\/littlebellies.com\/ca\/wp-content\/uploads\/sites\/4\/bellies-chracters-001.png\" class=\"attachment-full size-full\" alt=\"\" \/>        <\/div><!-- \/.cta__image -->\n    <\/div><!-- \/.cta -->\n<\/div><!-- \/.section-highlight -->\n\n\n\n<div class=\"section-highlight\">\n    <div class=\"image-text image-text--alt\" style=\"background-color: #FFF8EA; color: #005124; border-color: #005124\">\n        <div class=\"image-text__content\">\n            <h2><strong>Certifi\u00e9 Biologique<\/strong><\/h2>\n<p>Tous nos produits pour b\u00e9b\u00e9s et tout-petits (7\u00a0mois et plus \u00e0 12\u00a0mois et plus) sont certifi\u00e9s biologiques.<\/p>\n<p>Nous nous engageons \u00e0 examiner et \u00e0 s\u00e9lectionner rigoureusement nos recettes, nos fournisseurs, ainsi que nos ingr\u00e9dients biologiques pour veiller \u00e0 ce qu\u2019ils soient adapt\u00e9s et s\u00e9curitaires pour les petits bedons en croissance. Les aliments que nous produisons sont concoct\u00e9s \u00e0 partir d\u2019ingr\u00e9dients biologiques soigneusement s\u00e9lectionn\u00e9s et cultiv\u00e9s naturellement sans pesticides ni engrais synth\u00e9tiques.<\/p>\n\n            \n    <div class=\"show-more js-show-more \">\n        <div class=\"show-more__head\">\n            <a href=\"#\">\n                <span>Read more<\/span>\n                <span>Read less<\/span>\n            <\/a>\n        <\/div><!-- \/.show-more__head -->\n\n        <div class=\"show-more__body\">\n            <div class=\"show-more__body-inner text-content first-child-remove-top-margin;\" style=\"color: #005124 !important \">\n                <p>DES SP\u00c9CIALISTES S\u00c9LECTIONN\u00c9S ET TRI\u00c9S SUR LE VOLET:<\/p>\n<ul>\n<li>Fournisseurs d\u2019ingr\u00e9dients et fabricants de produits certifi\u00e9s biologiques uniquement pour nos produits pour b\u00e9b\u00e9s et tout-petits.<\/li>\n<li>Nous visiterons et passerons en revue chacun de nos fournisseurs avant d\u2019accepter de collaborer avec eux. Nous rencontrons leur \u00e9quipe, discutons de nos besoins, apprenons de leur expertise et prenons le temps de nouer des relations significatives et durables.<\/li>\n<li>Le plus haut niveau de contr\u00f4le de la qualit\u00e9 des processus de fabrication et des installations.<\/li>\n<\/ul>\n            <\/div><!-- \/.show-more-body__inner -->\n        <\/div><!-- \/.show-more__body -->\n    <\/div><!-- \/.show-more -->\n\n        <\/div><!-- \/.cta__content -->\n\n        <div class=\"image-text__image\">\n            <img decoding=\"async\" width=\"280\" height=\"248\" src=\"https:\/\/littlebellies.com\/ca\/wp-content\/uploads\/sites\/4\/bellies-chracters-002.png\" class=\"attachment-full size-full\" alt=\"\" \/>        <\/div><!-- \/.cta__image -->\n    <\/div><!-- \/.cta -->\n<\/div><!-- \/.section-highlight -->\n\n\n\n<div class=\"section-highlight\">\n    <div class=\"image-text \" style=\"background-color: #FFF8EA; color: #005124; border-color: #005124\">\n        <div class=\"image-text__content\">\n            <h2><strong>Naturel et Sain<\/strong><\/h2>\n<p>Le mot <em>naturel <\/em>signifie qu\u2019aucun \u00e9l\u00e9ment artificiel ou synth\u00e9tique que vous ne vous attendriez pas \u00e0 trouver dans votre nourriture n\u2019a \u00e9t\u00e9 utilis\u00e9. Nous choisissons seulement des ingr\u00e9dients alimentaires naturels que vous pouvez reconna\u00eetre, comme les l\u00e9gumes, les fruits, les lentilles et les c\u00e9r\u00e9ales.<\/p>\n<p>Tous nos produits sont exempts de colorants, d\u2019ar\u00f4mes ou d\u2019additifs artificiels. Nos collations pour b\u00e9b\u00e9s et tout-petits sont concoct\u00e9es \u00e0 partir d\u2019ingr\u00e9dients biologiques soigneusement s\u00e9lectionn\u00e9s et cultiv\u00e9s naturellement sans pesticides ni engrais synth\u00e9tiques.<\/p>\n\n            \n    <div class=\"show-more js-show-more \">\n        <div class=\"show-more__head\">\n            <a href=\"#\">\n                <span>Read more<\/span>\n                <span>Read less<\/span>\n            <\/a>\n        <\/div><!-- \/.show-more__head -->\n\n        <div class=\"show-more__body\">\n            <div class=\"show-more__body-inner text-content first-child-remove-top-margin;\" style=\"color: #005124 !important \">\n                <ul>\n<li>Ingr\u00e9dients minimaux\u00a0: Chaque ingr\u00e9dient a un r\u00f4le \u00e0 jouer. S\u2019il est l\u00e0, c\u2019est qu\u2019il y a une raison, par exemple pour donner du go\u00fbt ou remplir une fonction.<\/li>\n<li>Les proc\u00e9d\u00e9s utilis\u00e9s pour fabriquer nos produits contribuent \u00e0 prolonger leur dur\u00e9e de conservation et \u00e0 les pr\u00e9server, par exemple de la m\u00eame mani\u00e8re que la cuisson d\u2019un g\u00e2teau ou d\u2019une sauce prolonge \u00e9galement la dur\u00e9e de vie des mati\u00e8res premi\u00e8res utilis\u00e9es.<\/li>\n<li>Les ingr\u00e9dients que nous s\u00e9lectionnons sont \u00e9galement d\u00e9j\u00e0 conserv\u00e9s naturellement. Par exemple, la farine de ma\u00efs et les poudres de fruits ont \u00e9t\u00e9 s\u00e9ch\u00e9es et moulues, ce qui leur conf\u00e8re naturellement une dur\u00e9e de conservation plus longue, permettant ainsi \u00e0 nos produits de se conserver plus longtemps.<\/li>\n<li>Nous veillons \u00e9galement \u00e0 utiliser des emballages de haute qualit\u00e9, adapt\u00e9s au produit final. L\u2019emballage que nous utilisons emp\u00eache la lumi\u00e8re et l\u2019oxyg\u00e8ne de p\u00e9n\u00e9trer, ce qui permet \u00e0 nos produits de rester frais plus longtemps.<\/li>\n<\/ul>\n            <\/div><!-- \/.show-more-body__inner -->\n        <\/div><!-- \/.show-more__body -->\n    <\/div><!-- \/.show-more -->\n\n        <\/div><!-- \/.cta__content -->\n\n        <div class=\"image-text__image\">\n            <img decoding=\"async\" width=\"289\" height=\"195\" src=\"https:\/\/littlebellies.com\/ca\/wp-content\/uploads\/sites\/4\/bellies-chracters-003.png\" class=\"attachment-full size-full\" alt=\"\" \/>        <\/div><!-- \/.cta__image -->\n    <\/div><!-- \/.cta -->\n<\/div><!-- \/.section-highlight -->\n\n\n\n<div class=\"section-highlight\">\n    <div class=\"image-text image-text--alt\" style=\"background-color: #FFF8EA; color: #005124; border-color: #005124\">\n        <div class=\"image-text__content\">\n            <h2><strong>Pas de Balivernes<\/strong><\/h2>\n<p>Nous avons cr\u00e9\u00e9 la marque Little Bellies pour nourrir tous les enfants avec rien de moins que des aliments de la meilleure qualit\u00e9 possible, sans additifs artificiels, ingr\u00e9dients g\u00e9n\u00e9tiquement modifi\u00e9s, sel et sucre superflus, en particulier pendant les ann\u00e9es de formation du d\u00e9veloppement de l\u2019enfant.<\/p>\n\n            \n    <div class=\"show-more js-show-more \">\n        <div class=\"show-more__head\">\n            <a href=\"#\">\n                <span>Read more<\/span>\n                <span>Read less<\/span>\n            <\/a>\n        <\/div><!-- \/.show-more__head -->\n\n        <div class=\"show-more__body\">\n            <div class=\"show-more__body-inner text-content first-child-remove-top-margin;\" style=\"color: #005124 !important \">\n                <ul>\n<li>Sans colorants, ar\u00f4mes ou additifs artificiels.<\/li>\n<li>Sans sucre.<\/li>\n<li>Sans sel.<\/li>\n<li>Sans pseudoconfiserie.<\/li>\n<li>Il ne s\u2019agit pas d\u2019un aliment pour adultes, r\u00e9\u00e9tiquet\u00e9 pour b\u00e9b\u00e9s.<\/li>\n<\/ul>\n            <\/div><!-- \/.show-more-body__inner -->\n        <\/div><!-- \/.show-more__body -->\n    <\/div><!-- \/.show-more -->\n\n        <\/div><!-- \/.cta__content -->\n\n        <div class=\"image-text__image\">\n            <img decoding=\"async\" width=\"285\" height=\"176\" src=\"https:\/\/littlebellies.com\/ca\/wp-content\/uploads\/sites\/4\/bellies-chracters-004.png\" class=\"attachment-full size-full\" alt=\"\" \/>        <\/div><!-- \/.cta__image -->\n    <\/div><!-- \/.cta -->\n<\/div><!-- \/.section-highlight -->\n\n\n\n<div class=\"section-highlight\">\n    <div class=\"image-text \" style=\"background-color: #FFF8EA; color: #005124; border-color: #005124\">\n        <div class=\"image-text__content\">\n            <h2><strong>Sans Sucre<\/strong><\/h2>\n<p>Nos produits pour b\u00e9b\u00e9s ou tout-petits ne contiennent pas de sucre ajout\u00e9. Si le produit doit \u00eatre aromatis\u00e9, nous utilisons simplement des poudres de fruits et de l\u00e9gumes biologiques s\u00e9ch\u00e9s, fabriqu\u00e9s \u00e0 partir de fruits et l\u00e9gumes biologiques entiers.<\/p>\n\n            \n    <div class=\"show-more js-show-more \">\n        <div class=\"show-more__head\">\n            <a href=\"#\">\n                <span>Read more<\/span>\n                <span>Read less<\/span>\n            <\/a>\n        <\/div><!-- \/.show-more__head -->\n\n        <div class=\"show-more__body\">\n            <div class=\"show-more__body-inner text-content first-child-remove-top-margin;\" style=\"color: #005124 !important \">\n                <ul>\n<li>Nous n\u2019utilisons pas de sucre de canne et n\u2019ajoutons pas de sucres simples, comme le sirop de riz, le miel ou la maltodextrine. Lorsque nos produits de collation pour b\u00e9b\u00e9s doivent \u00eatre aromatis\u00e9s, nous utilisons simplement des poudres de fruits biologiques s\u00e9ch\u00e9s, qui donnent une note sucr\u00e9e subtile. La poudre de fruits est faite de fruits biologiques entiers qui ont \u00e9t\u00e9 s\u00e9ch\u00e9s puis r\u00e9duits en poudre. C\u2019est tout; rien d\u2019autre n\u2019est ajout\u00e9 ou retir\u00e9.<\/li>\n<li>Pour nos produits destin\u00e9s aux tout-petits, lorsque la recette exige une saveur sucr\u00e9e, nous utilisons de la poudre ou du jus de fruits naturels. Nous r\u00e9duisons toujours la quantit\u00e9 de jus de fruits au minimum, et nous ne le faisons que si nous pensons vraiment que le produit en a besoin.<\/li>\n<li>Consultez nos tableaux de la valeur nutritive au dos des emballages, o\u00f9 vous trouverez notre d\u00e9claration sur la teneur en sucre. S\u2019il est indiqu\u00e9 \u00ab\u00a00\u00a0\u00bb, c\u2019est la quantit\u00e9 que nous avons ajout\u00e9e.<\/li>\n<\/ul>\n            <\/div><!-- \/.show-more-body__inner -->\n        <\/div><!-- \/.show-more__body -->\n    <\/div><!-- \/.show-more -->\n\n        <\/div><!-- \/.cta__content -->\n\n        <div class=\"image-text__image\">\n            <img decoding=\"async\" width=\"291\" height=\"210\" src=\"https:\/\/littlebellies.com\/ca\/wp-content\/uploads\/sites\/4\/bellies-chracters-005.png\" class=\"attachment-full size-full\" alt=\"\" \/>        <\/div><!-- \/.cta__image -->\n    <\/div><!-- \/.cta -->\n<\/div><!-- \/.section-highlight -->\n","protected":false},"excerpt":{"rendered":"<p>Nos collations pour b\u00e9b\u00e9s et tout-petits sont certifi\u00e9es biologiques, naturelles et d\u00e9licieuses. Elles sont con\u00e7ues en tenant compte de la s\u00e9curit\u00e9 de l\u2019enfant, de son \u00e2ge et de l\u2019\u00e9tape \u00e0 laquelle il se trouve.<\/p>\n","protected":false},"author":1,"featured_media":0,"parent":2016,"menu_order":7,"comment_status":"closed","ping_status":"closed","template":"","meta":{"_acf_changed":false,"inline_featured_image":false,"footnotes":""},"class_list":["post-2085","page","type-page","status-publish","hentry"],"acf":[],"aioseo_notices":[],"lang":"fr","translations":{"fr":2085,"en":216},"pll_sync_post":[],"_links":{"self":[{"href":"https:\/\/littlebellies.com\/ca\/wp-json\/wp\/v2\/pages\/2085","targetHints":{"allow":["GET"]}}],"collection":[{"href":"https:\/\/littlebellies.com\/ca\/wp-json\/wp\/v2\/pages"}],"about":[{"href":"https:\/\/littlebellies.com\/ca\/wp-json\/wp\/v2\/types\/page"}],"author":[{"embeddable":true,"href":"https:\/\/littlebellies.com\/ca\/wp-json\/wp\/v2\/users\/1"}],"replies":[{"embeddable":true,"href":"https:\/\/littlebellies.com\/ca\/wp-json\/wp\/v2\/comments?post=2085"}],"version-history":[{"count":0,"href":"https:\/\/littlebellies.com\/ca\/wp-json\/wp\/v2\/pages\/2085\/revisions"}],"up":[{"embeddable":true,"href":"https:\/\/littlebellies.com\/ca\/wp-json\/wp\/v2\/pages\/2016"}],"wp:attachment":[{"href":"https:\/\/littlebellies.com\/ca\/wp-json\/wp\/v2\/media?parent=2085"}],"curies":[{"name":"wp","href":"https:\/\/api.w.org\/{rel}","templated":true}]}}