{"id":2016,"date":"2023-10-16T02:51:22","date_gmt":"2023-10-16T09:51:22","guid":{"rendered":"https:\/\/littlebellies.com\/ca\/?page_id=2016"},"modified":"2023-10-23T21:26:07","modified_gmt":"2023-10-24T03:26:07","slug":"notre-histoire","status":"publish","type":"page","link":"https:\/\/littlebellies.com\/ca\/fr\/notre-histoire\/","title":{"rendered":"Notre histoire"},"content":{"rendered":"\n<h1 class=\"wp-block-heading heading-alt\">Faites ce qui est naturel!<\/h1>\n\n\n\n<p><strong>Chez Little Bellies, nous sommes passionn\u00e9s par l\u2019offre d\u2019aliments sains et d\u00e9licieux pour les b\u00e9b\u00e9s, les tout-petits et les enfants.<\/strong><\/p>\n\n\n\n<p>Nous faisons de notre mieux pour faire ce qui nous est naturel\u00a0\u2013 pr\u00e9parer des aliments simples, adapt\u00e9s \u00e0 l\u2019\u00e2ge et sains pour tous les enfants\u00a0\u2013 afin que vous puissiez vous concentrer sur ce qui vous est naturel\u00a0\u2013 nourrir et \u00e9lever de petits \u00eatres autonomes et uniques. Nous aimons penser que cela cr\u00e9e un cercle de bonheur\u00a0: si les enfants sont heureux, les parents le sont et nous le sommes! <\/p>\n\n\n\n<p>Little Bellies a vu le jour lorsque l\u2019un de nos propres enfants a re\u00e7u un diagnostic de sensibilit\u00e9s alimentaires s\u00e9v\u00e8res et que nous avons d\u00e9couvert que les options de collations sans danger pour les enfants comme lui \u00e9taient tr\u00e8s limit\u00e9es. C\u2019est ce qui nous a incit\u00e9s \u00e0 cr\u00e9er notre gamme de collations naturelles, biologiques et d\u00e9licieuses que tous les enfants peuvent savourer, et que les parents peuvent choisir en toute confiance.<\/p>\n\n\n\n<p>Comme nous sommes deux fr\u00e8res et p\u00e8res (en tout, nous avons sept tout-petits), nous savons que l\u2019alimentation des enfants peut parfois sembler complexe et accablante. Notre mission est de la rendre simple (et naturelle) en cr\u00e9ant uniquement des aliments de la meilleure qualit\u00e9 pour les enfants, adapt\u00e9s \u00e0 leur \u00e2ge et \u00e0 leur stade de d\u00e9veloppement, sans sel ni sucre superflus, sans additifs artificiels et sans ingr\u00e9dients g\u00e9n\u00e9tiquement modifi\u00e9s.<\/p>\n\n\n\n<p>C\u2019est pourquoi tous nos aliments pour b\u00e9b\u00e9s et tout-petits sont naturels, et certifi\u00e9s biologiques. Ils encouragent les petits \u00e0 explorer de nouvelles saveurs, formes et textures pour favoriser le d\u00e9veloppement du sens du go\u00fbt et de la pince fine et promouvoir l\u2019autonomie gr\u00e2ce \u00e0 une alimentation autonome s\u00e9curitaire. <\/p>\n\n\n\n<p>\u00c0 mesure que les enfants grandissent, nous nous concentrons sur la cr\u00e9ation de collations saines qui contiennent davantage de bons ingr\u00e9dients.<\/p>\n\n\n\n<p>Nos enfants continuent d\u2019\u00eatre notre plus grande source d\u2019inspiration.<\/p>\n","protected":false},"excerpt":{"rendered":"<p>Faites ce qui est naturel! Chez Little Bellies, nous sommes passionn\u00e9s par l\u2019offre d\u2019aliments sains et d\u00e9licieux pour les b\u00e9b\u00e9s, les tout-petits et les enfants. Nous faisons de notre mieux pour faire ce qui nous est naturel\u00a0\u2013 pr\u00e9parer des aliments simples, adapt\u00e9s \u00e0 l\u2019\u00e2ge et sains pour tous les enfants\u00a0\u2013 afin que vous puissiez vous [&hellip;]<\/p>\n","protected":false},"author":1,"featured_media":0,"parent":0,"menu_order":0,"comment_status":"closed","ping_status":"closed","template":"","meta":{"_acf_changed":false,"inline_featured_image":false,"footnotes":""},"class_list":["post-2016","page","type-page","status-publish","hentry"],"acf":[],"aioseo_notices":[],"lang":"fr","translations":{"fr":2016,"en":698},"pll_sync_post":[],"_links":{"self":[{"href":"https:\/\/littlebellies.com\/ca\/wp-json\/wp\/v2\/pages\/2016","targetHints":{"allow":["GET"]}}],"collection":[{"href":"https:\/\/littlebellies.com\/ca\/wp-json\/wp\/v2\/pages"}],"about":[{"href":"https:\/\/littlebellies.com\/ca\/wp-json\/wp\/v2\/types\/page"}],"author":[{"embeddable":true,"href":"https:\/\/littlebellies.com\/ca\/wp-json\/wp\/v2\/users\/1"}],"replies":[{"embeddable":true,"href":"https:\/\/littlebellies.com\/ca\/wp-json\/wp\/v2\/comments?post=2016"}],"version-history":[{"count":0,"href":"https:\/\/littlebellies.com\/ca\/wp-json\/wp\/v2\/pages\/2016\/revisions"}],"wp:attachment":[{"href":"https:\/\/littlebellies.com\/ca\/wp-json\/wp\/v2\/media?parent=2016"}],"curies":[{"name":"wp","href":"https:\/\/api.w.org\/{rel}","templated":true}]}}